{"id":193,"date":"2018-07-02T16:39:01","date_gmt":"2018-07-02T14:39:01","guid":{"rendered":"http:\/\/hem-trevligt.se\/?page_id=193"},"modified":"2018-07-03T15:22:06","modified_gmt":"2018-07-03T13:22:06","slug":"foretagstjanster","status":"publish","type":"page","link":"http:\/\/hem-trevligt.se\/index.php\/foretagstjanster\/","title":{"rendered":"F\u00f6retagstj\u00e4nster"},"content":{"rendered":"  <div id=\"page-header-1389356023\" class=\"page-header-wrapper\">\n  <div class=\"page-title dark featured-title\">\n\n        <div class=\"page-title-bg\">\n      <div class=\"title-bg fill bg-fill\"\n        data-parallax-container=\".page-title\"\n        data-parallax-background\n        data-parallax=\"-\">\n      <\/div>\n      <div class=\"title-overlay fill\"><\/div>\n    <\/div>\n    \n    <div class=\"page-title-inner container align-center flex-row medium-flex-wrap\" >\n              <div class=\"title-wrapper flex-col text-left medium-text-center\">\n          <h1 class=\"entry-title mb-0\">\n            F\u00f6retagstj\u00e4nster          <\/h1>\n        <\/div>\n                    <div class=\"title-content flex-col flex-right text-right medium-text-center\">\n        <div class=\"title-breadcrumbs pb-half pt-half\"><nav class=\"woocommerce-breadcrumb breadcrumbs uppercase\">Hem<\/nav><\/div>      <\/div>\n    <\/div>\n\n     \n<style>\n#page-header-1389356023 .page-title-inner {\n  min-height: 80px;\n}\n#page-header-1389356023 .title-bg {\n  background-image: url(http:\/\/hem-trevligt.se\/wp-content\/uploads\/2018\/07\/cleanbanner.png);\n}\n<\/style>\n  <\/div>\n    <\/div>\n  \n\t<div id=\"gap-933819677\" class=\"gap-element clearfix\" style=\"display:block; height:auto;\">\n\t\t\n<style>\n#gap-933819677 {\n  padding-top: 50px;\n}\n<\/style>\n\t<\/div>\n\t\n<div class=\"row\"  id=\"row-719003207\">\n\n\t<div id=\"col-1276559363\" class=\"col medium-7 small-12 large-7\"  >\n\t\t\t\t<div class=\"col-inner\"  >\n\t\t\t\n\t\t\t\n<p>Vi utf\u00f6r all slags st\u00e4dning p\u00e5 kontor och i andra kommersiella lokaler. Vi arbetar hos sm\u00e5, mellanstora och stora f\u00f6retag, alla dagar i veckan, dag- eller kv\u00e4llstid, vardag som helg.<br \/>Alla kunder har olika behov av lokalv\u00e5rd och vi anpassar oss efter de \u00f6nskem\u00e5l som finns.\u00a0<\/p>\n<p>Vad ing\u00e5r i kontorsst\u00e4dning? Vi skr\u00e4ddarsyr helt\u00e4ckande instruktioner f\u00f6r st\u00e4dning utifr\u00e5n v\u00e5ra kunders \u00f6nskem\u00e5l och f\u00f6ruts\u00e4ttningar eller s\u00e5 rekommenderar vi sj\u00e4lva ett optimalt uppl\u00e4gg.<br \/>Exempel nedan p\u00e5 en uppdragsbeskrivning f\u00f6r st\u00e4dning av kontor.<\/p>\n<div class=\"accordion\">\n<div id=\"accordion-2987187260\" class=\"accordion-item\"><a id=\"accordion-2987187260-label\" href=\"#\" class=\"accordion-title plain\" aria-expanded=\"false\" aria-controls=\"accordion-2987187260-content\"><button class=\"toggle\" aria-label=\"Toggle\"><i class=\"icon-angle-down\"><\/i><\/button><span>\u00d6ppna exempel<\/span><\/a><div id=\"accordion-2987187260-content\" class=\"accordion-inner\" aria-labelledby=\"accordion-2987187260-label\">\n<table border=\"0\">\n<tbody>\n<tr>\n<td valign=\"top\">Kontor<\/td>\n<td>T\u00f6mma papperskorgar<br \/>Dammtorka fria ytor p\u00e5 skrivbord<br \/>Dammtorka fria ytor i bokhyllor och p\u00e5 f\u00f6nsterbr\u00e4dor<br \/>Dammtorka bordsarmaturer, kontorsmaskiner och telefoner<br \/>Dammsuga och v\u00e5ttorka golv<\/td>\n<\/tr>\n<tr>\n<td valign=\"top\">\u00a0<img loading=\"lazy\" decoding=\"async\" src=\"http:\/\/hem-trevligt.se\/images\/stories\/tjanst_bilder\/spacer.gif\" alt=\"spacer\" width=\"10\" height=\"10\" \/><\/td>\n<td>\u00a0<\/td>\n<\/tr>\n<tr>\n<td valign=\"top\">Korridorer och entre<\/td>\n<td>Dammtorka fria ytor p\u00e5 m\u00f6bler<br \/>Dammsuga och v\u00e5ttorka golv<\/td>\n<\/tr>\n<tr>\n<td valign=\"top\">\u00a0<img loading=\"lazy\" decoding=\"async\" src=\"http:\/\/hem-trevligt.se\/images\/stories\/tjanst_bilder\/spacer.gif\" alt=\"spacer\" width=\"10\" height=\"10\" \/><\/td>\n<td>\u00a0<\/td>\n<\/tr>\n<tr>\n<td valign=\"top\">Konferensrum<\/td>\n<td>Tillsynsst\u00e4dning<\/td>\n<\/tr>\n<tr>\n<td valign=\"top\">\u00a0<img loading=\"lazy\" decoding=\"async\" src=\"http:\/\/hem-trevligt.se\/images\/stories\/tjanst_bilder\/spacer.gif\" alt=\"spacer\" width=\"10\" height=\"10\" \/><\/td>\n<td>\u00a0<\/td>\n<\/tr>\n<tr>\n<td valign=\"top\">Arkiv, f\u00f6rr\u00e5d<\/td>\n<td>Dammsuga och v\u00e5ttorka golv<br \/>Dammtorka fria ytor, hyllor<\/td>\n<\/tr>\n<tr>\n<td valign=\"top\">\u00a0<img loading=\"lazy\" decoding=\"async\" src=\"http:\/\/hem-trevligt.se\/images\/stories\/tjanst_bilder\/spacer.gif\" alt=\"spacer\" width=\"10\" height=\"10\" \/><\/td>\n<td>\u00a0<\/td>\n<\/tr>\n<tr>\n<td valign=\"top\">K\u00f6k, fikarum<\/td>\n<td>Disk och arbetsb\u00e4nk avtorkas<br \/>Bord avtorkas<br \/>T\u00f6mma papperskorgar<br \/>Dammsuga och v\u00e5ttorka golv<br \/>Diskmaskin fylls och t\u00f6ms sedan p\u00e5 ren disk.<br \/>Mikrov\u00e5gsugn avtorkas inv\u00e4ndigt Ta bort fl\u00e4ckar fra\u030an sk\u00e5pluckor<\/td>\n<\/tr>\n<tr>\n<td valign=\"top\">\u00a0<img loading=\"lazy\" decoding=\"async\" src=\"http:\/\/hem-trevligt.se\/images\/stories\/tjanst_bilder\/spacer.gif\" alt=\"spacer\" width=\"10\" height=\"10\" \/><\/td>\n<td>\u00a0<\/td>\n<\/tr>\n<tr>\n<td valign=\"top\">Toaletter<\/td>\n<td>Reng\u00f6ring av sanitetsporslin och speglar<br \/>Duschar tv\u00e4ttas vid behov.<br \/>Fylla p\u00e5 f\u00f6rbrukningsprodukter<br \/>T\u00f6mma papperskorgar<br \/>Golv v\u00e5ttorkas<\/td>\n<\/tr>\n<tr>\n<td valign=\"top\">\u00a0<img loading=\"lazy\" decoding=\"async\" src=\"http:\/\/hem-trevligt.se\/images\/stories\/tjanst_bilder\/spacer.gif\" alt=\"spacer\" width=\"10\" height=\"10\" \/><\/td>\n<td>\u00a0<\/td>\n<\/tr>\n<tr>\n<td valign=\"top\">IT-st\u00e4d<\/td>\n<td>Damma av datorutrustningen<\/td>\n<\/tr>\n<tr>\n<td valign=\"top\">\u00a0<img loading=\"lazy\" decoding=\"async\" src=\"http:\/\/hem-trevligt.se\/images\/stories\/tjanst_bilder\/spacer.gif\" alt=\"spacer\" width=\"10\" height=\"10\" \/><\/td>\n<td>\u00a0<\/td>\n<\/tr>\n<tr>\n<td valign=\"top\">Returpappers beh\u00e5llare<\/td>\n<td>T\u00f6mning sker vid varje arbetsstation<\/td>\n<\/tr>\n<tr>\n<td valign=\"top\">\u00a0<img loading=\"lazy\" decoding=\"async\" src=\"http:\/\/hem-trevligt.se\/images\/stories\/tjanst_bilder\/spacer.gif\" alt=\"spacer\" width=\"10\" height=\"10\" \/><\/td>\n<td>\u00a0<\/td>\n<\/tr>\n<tr>\n<td valign=\"top\">\u00d6vrigt<\/td>\n<td>Dammsugning av stolsitsar<br \/>Avtorkning av hyllor f\u00f6r ytterplagg med mera<br \/>Avfl\u00e4ckning vid\/p\u00e5 str\u00f6mbrytare, d\u00f6rrfoder och handtag<br \/>Avtorkning av golvsocklar<\/td>\n<\/tr>\n<\/tbody>\n<\/table>\n<\/div><\/div>\n<\/div>\n\t\t<\/div>\n\t\t\t\t\t<\/div>\n\n\t\n\n\t<div id=\"col-36799965\" class=\"col medium-5 small-12 large-5\"  >\n\t\t\t\t<div class=\"col-inner\"  >\n\t\t\t\n\t\t\t\n\t<div class=\"img has-hover x md-x lg-x y md-y lg-y\" id=\"image_1205219560\">\n\t\t\t\t\t\t\t\t<div class=\"img-inner box-shadow-3 dark\" >\n\t\t\t<img loading=\"lazy\" decoding=\"async\" width=\"833\" height=\"560\" src=\"http:\/\/hem-trevligt.se\/wp-content\/uploads\/2018\/07\/foretag.jpeg\" class=\"attachment-large size-large\" alt=\"\" srcset=\"http:\/\/hem-trevligt.se\/wp-content\/uploads\/2018\/07\/foretag.jpeg 833w, http:\/\/hem-trevligt.se\/wp-content\/uploads\/2018\/07\/foretag-510x343.jpeg 510w, http:\/\/hem-trevligt.se\/wp-content\/uploads\/2018\/07\/foretag-300x202.jpeg 300w, http:\/\/hem-trevligt.se\/wp-content\/uploads\/2018\/07\/foretag-768x516.jpeg 768w\" sizes=\"auto, (max-width: 833px) 100vw, 833px\" \/>\t\t\t\t\t\t\n\t\t\t\t\t<\/div>\n\t\t\t\t\t\t\t\t\n<style>\n#image_1205219560 {\n  width: 100%;\n}\n<\/style>\n\t<\/div>\n\t\n\t\t<\/div>\n\t\t\t\t\t<\/div>\n\n\t\n<\/div>\n\t<div id=\"gap-1557087999\" class=\"gap-element clearfix\" style=\"display:block; height:auto;\">\n\t\t\n<style>\n#gap-1557087999 {\n  padding-top: 50px;\n}\n<\/style>\n\t<\/div>\n\t\n\t<div id=\"gap-1928314157\" class=\"gap-element clearfix\" style=\"display:block; height:auto;\">\n\t\t\n<style>\n#gap-1928314157 {\n  padding-top: 30px;\n}\n<\/style>\n\t<\/div>\n\t\n","protected":false},"excerpt":{"rendered":"","protected":false},"author":1,"featured_media":0,"parent":0,"menu_order":0,"comment_status":"closed","ping_status":"closed","template":"page-blank.php","meta":{"footnotes":""},"class_list":["post-193","page","type-page","status-publish","hentry"],"_links":{"self":[{"href":"http:\/\/hem-trevligt.se\/index.php\/wp-json\/wp\/v2\/pages\/193","targetHints":{"allow":["GET"]}}],"collection":[{"href":"http:\/\/hem-trevligt.se\/index.php\/wp-json\/wp\/v2\/pages"}],"about":[{"href":"http:\/\/hem-trevligt.se\/index.php\/wp-json\/wp\/v2\/types\/page"}],"author":[{"embeddable":true,"href":"http:\/\/hem-trevligt.se\/index.php\/wp-json\/wp\/v2\/users\/1"}],"replies":[{"embeddable":true,"href":"http:\/\/hem-trevligt.se\/index.php\/wp-json\/wp\/v2\/comments?post=193"}],"version-history":[{"count":5,"href":"http:\/\/hem-trevligt.se\/index.php\/wp-json\/wp\/v2\/pages\/193\/revisions"}],"predecessor-version":[{"id":249,"href":"http:\/\/hem-trevligt.se\/index.php\/wp-json\/wp\/v2\/pages\/193\/revisions\/249"}],"wp:attachment":[{"href":"http:\/\/hem-trevligt.se\/index.php\/wp-json\/wp\/v2\/media?parent=193"}],"curies":[{"name":"wp","href":"https:\/\/api.w.org\/{rel}","templated":true}]}}