{"id":4,"date":"2018-03-03T18:03:06","date_gmt":"2018-03-03T17:03:06","guid":{"rendered":"http:\/\/hem-trevligt.se\/?page_id=4"},"modified":"2023-04-17T16:48:31","modified_gmt":"2023-04-17T14:48:31","slug":"start","status":"publish","type":"page","link":"https:\/\/hem-trevligt.se\/","title":{"rendered":"Start"},"content":{"rendered":"\n<div class=\"slider-wrapper relative\" id=\"slider-919534986\" >\n    <div class=\"slider slider-nav-circle slider-nav-large slider-nav-light slider-style-normal\"\n        data-flickity-options='{\n            \"cellAlign\": \"center\",\n            \"imagesLoaded\": true,\n            \"lazyLoad\": 1,\n            \"freeScroll\": false,\n            \"wrapAround\": true,\n            \"autoPlay\": 6000,\n            \"pauseAutoPlayOnHover\" : true,\n            \"prevNextButtons\": true,\n            \"contain\" : true,\n            \"adaptiveHeight\" : true,\n            \"dragThreshold\" : 10,\n            \"percentPosition\": true,\n            \"pageDots\": true,\n            \"rightToLeft\": false,\n            \"draggable\": true,\n            \"selectedAttraction\": 0.1,\n            \"parallax\" : 0,\n            \"friction\": 0.6        }'\n        >\n        \n\n\n  <div class=\"banner has-hover\" id=\"banner-58295012\">\n          <div class=\"banner-inner fill\">\n        <div class=\"banner-bg fill\" >\n            <div class=\"bg fill bg-fill \"><\/div>\n                        <div class=\"overlay\"><\/div>            \n                    <\/div>\n\t\t\n        <div class=\"banner-layers container\">\n            <div class=\"fill banner-link\"><\/div>            \n\n   <div id=\"text-box-938716575\" class=\"text-box banner-layer x100 md-x100 lg-x100 y85 md-y85 lg-y85 res-text\">\n                                <div class=\"text-box-content text dark\">\n              \n              <div class=\"text-inner text-center\">\n                  \n\n<h3 class=\"uppercase\" style=\"text-align: left;\">V\u00e4lkommen till hemtrevligt<\/h3>\n<h5 style=\"text-align: left;\">Hemtrevligt AB har funnits i Ume\u00e5 sen 2006 d\u00e4r vi utf\u00f6r hush\u00e4llsn\u00e4ra tj\u00e4nster riktade mot b\u00e5de hush\u00e5ll och f\u00f6retag. Vi hette tidigare Jamham St\u00e4d &amp; Hemservice AB.<\/h5>\n<div class=\"row\"  id=\"row-395180325\">\n\n\n\t<div id=\"col-1071164357\" class=\"col medium-6 small-12 large-6\"  >\n\t\t\t\t<div class=\"col-inner text-left\"  >\n\t\t\t\n\t\t\t\n\n<a href=\"http:\/\/hem-trevligt.se\/index.php\/offert\/\" target=\"_self\" class=\"button primary box-shadow-4\"  >\n    <span>Offertf\u00f6rfr\u00e5gan<\/span>\n  <\/a>\n\n\n\n\t\t<\/div>\n\t\t\t\t\t<\/div>\n\n\t\n\n\t<div id=\"col-1124619052\" class=\"col medium-6 small-12 large-6\"  >\n\t\t\t\t<div class=\"col-inner\"  >\n\t\t\t\n\t\t\t\n\n\n\t\t<\/div>\n\t\t\t\t\t<\/div>\n\n\t\n\n<\/div>\n\n              <\/div>\n           <\/div>\n                            \n<style>\n#text-box-938716575 {\n  width: 60%;\n}\n#text-box-938716575 .text-box-content {\n  font-size: 100%;\n}\n@media (min-width:550px) {\n  #text-box-938716575 {\n    width: 50%;\n  }\n}\n<\/style>\n    <\/div>\n \n\n        <\/div>\n      <\/div>\n\n            \n<style>\n#banner-58295012 {\n  padding-top: 400px;\n}\n#banner-58295012 .bg.bg-loaded {\n  background-image: url(https:\/\/hem-trevligt.se\/wp-content\/uploads\/2018\/07\/slider2-1024x419.jpg);\n}\n#banner-58295012 .overlay {\n  background-color: rgba(0, 0, 0, 0.16);\n}\n#banner-58295012 .ux-shape-divider--top svg {\n  height: 150px;\n  --divider-top-width: 100%;\n}\n#banner-58295012 .ux-shape-divider--bottom svg {\n  height: 150px;\n  --divider-width: 100%;\n}\n<\/style>\n  <\/div>\n\n\n\n  <div class=\"banner has-hover\" id=\"banner-2086157105\">\n          <div class=\"banner-inner fill\">\n        <div class=\"banner-bg fill\" >\n            <div class=\"bg fill bg-fill \"><\/div>\n                        <div class=\"overlay\"><\/div>            \n                    <\/div>\n\t\t\n        <div class=\"banner-layers container\">\n            <div class=\"fill banner-link\"><\/div>            \n\n   <div id=\"text-box-152579105\" class=\"text-box banner-layer x5 md-x5 lg-x5 y25 md-y25 lg-y25 res-text\">\n                                <div class=\"text-box-content text dark\">\n              \n              <div class=\"text-inner text-center\">\n                  \n\n<h3 class=\"uppercase\" style=\"text-align: left;\">V\u00e4lkommen till hemtrevligt<\/h3>\n<h5 style=\"text-align: left;\">Vi \u00e4r ett m\u00e5ngkulturellt sm\u00e5f\u00f6retag. V\u00e5ra medarbetare har olika bakgrunder men samma m\u00e5ls\u00e4ttning, att g\u00f6ra ett s\u00e5 bra jobb som m\u00f6jligt. Alla medarbetare talar svenska men vi kan ocks\u00e5 erbjuda medarbetare som dessutom talar andra spr\u00e5k.<\/h5>\n<div class=\"row\"  id=\"row-611010980\">\n\n\n\t<div id=\"col-243017415\" class=\"col medium-6 small-12 large-6\"  >\n\t\t\t\t<div class=\"col-inner text-left\"  >\n\t\t\t\n\t\t\t\n\n<a href=\"http:\/\/hem-trevligt.se\/index.php\/offert\/\" target=\"_self\" class=\"button primary box-shadow-3\"  >\n    <span>Offertf\u00f6rfr\u00e5gan<\/span>\n  <\/a>\n\n\n\n\t\t<\/div>\n\t\t\t\t\t<\/div>\n\n\t\n\n\t<div id=\"col-324604504\" class=\"col medium-6 small-12 large-6\"  >\n\t\t\t\t<div class=\"col-inner\"  >\n\t\t\t\n\t\t\t\n\n\n\t\t<\/div>\n\t\t\t\t\t<\/div>\n\n\t\n\n<\/div>\n\n              <\/div>\n           <\/div>\n                            \n<style>\n#text-box-152579105 {\n  width: 60%;\n}\n#text-box-152579105 .text-box-content {\n  font-size: 100%;\n}\n@media (min-width:550px) {\n  #text-box-152579105 {\n    width: 50%;\n  }\n}\n<\/style>\n    <\/div>\n \n\n        <\/div>\n      <\/div>\n\n            \n<style>\n#banner-2086157105 {\n  padding-top: 400px;\n}\n#banner-2086157105 .bg.bg-loaded {\n  background-image: url(https:\/\/hem-trevligt.se\/wp-content\/uploads\/2018\/07\/slider3-1-1024x419.jpg);\n}\n#banner-2086157105 .overlay {\n  background-color: rgba(0, 0, 0, 0.31);\n}\n#banner-2086157105 .ux-shape-divider--top svg {\n  height: 150px;\n  --divider-top-width: 100%;\n}\n#banner-2086157105 .ux-shape-divider--bottom svg {\n  height: 150px;\n  --divider-width: 100%;\n}\n<\/style>\n  <\/div>\n\n\n\n  <div class=\"banner has-hover\" id=\"banner-1383482774\">\n          <div class=\"banner-inner fill\">\n        <div class=\"banner-bg fill\" >\n            <div class=\"bg fill bg-fill \"><\/div>\n                        <div class=\"overlay\"><\/div>            \n                    <\/div>\n\t\t\n        <div class=\"banner-layers container\">\n            <div class=\"fill banner-link\"><\/div>            \n\n   <div id=\"text-box-1077775034\" class=\"text-box banner-layer x5 md-x5 lg-x5 y35 md-y35 lg-y35 res-text\">\n                                <div class=\"text-box-content text dark\">\n              \n              <div class=\"text-inner text-center\">\n                  \n\n<h3 class=\"uppercase\" style=\"text-align: left;\">ERBJUDANDEN<\/h3>\n<h5 style=\"text-align: left;\">G\u00e4ller vid snabb best\u00e4llning.<\/h5>\n<div class=\"row\"  id=\"row-308933126\">\n\n\n\t<div id=\"col-670744979\" class=\"col medium-6 small-12 large-6\"  >\n\t\t\t\t<div class=\"col-inner text-left\"  >\n\t\t\t\n\t\t\t\n\n<a href=\"http:\/\/hem-trevligt.se\/index.php\/offert\/\" target=\"_self\" class=\"button primary box-shadow-3\"  >\n    <span>Offertf\u00f6rfr\u00e5gan<\/span>\n  <\/a>\n\n\n\n\t\t<\/div>\n\t\t\t\t\t<\/div>\n\n\t\n\n\t<div id=\"col-2072509267\" class=\"col medium-6 small-12 large-6\"  >\n\t\t\t\t<div class=\"col-inner\"  >\n\t\t\t\n\t\t\t\n\n\n\t\t<\/div>\n\t\t\t\t\t<\/div>\n\n\t\n\n<\/div>\n\n              <\/div>\n           <\/div>\n                            \n<style>\n#text-box-1077775034 {\n  width: 60%;\n}\n#text-box-1077775034 .text-box-content {\n  font-size: 100%;\n}\n@media (min-width:550px) {\n  #text-box-1077775034 {\n    width: 50%;\n  }\n}\n<\/style>\n    <\/div>\n \n   <div id=\"text-box-336567024\" class=\"text-box banner-layer x100 md-x100 lg-x100 y85 md-y85 lg-y85 res-text\">\n                                <div class=\"text-box-content text dark\">\n              \n              <div class=\"text-inner text-center\">\n                  \n\n<div class=\"eds-animate  \" data-eds-entry-animation=\"pulse\" data-eds-entry-delay=\"0\" data-eds-entry-duration=\"1\" data-eds-entry-timing=\"linear\" data-eds-exit-animation=\"\" data-eds-exit-delay=\"\" data-eds-exit-duration=\"\" data-eds-exit-timing=\"\" data-eds-repeat-count=\"infinite\" data-eds-keep=\"yes\" data-eds-animate-on=\"load\" data-eds-scroll-offset=\"\">\n<p><img loading=\"lazy\" decoding=\"async\" class=\"alignnone wp-image-370 size-medium\" src=\"http:\/\/hem-trevligt.se\/wp-content\/uploads\/2019\/01\/20-Rabatt-300x214.png\" alt=\"\" width=\"300\" height=\"214\" srcset=\"https:\/\/hem-trevligt.se\/wp-content\/uploads\/2019\/01\/20-Rabatt-300x214.png 300w, https:\/\/hem-trevligt.se\/wp-content\/uploads\/2019\/01\/20-Rabatt-510x364.png 510w, https:\/\/hem-trevligt.se\/wp-content\/uploads\/2019\/01\/20-Rabatt-768x549.png 768w, https:\/\/hem-trevligt.se\/wp-content\/uploads\/2019\/01\/20-Rabatt-1024x731.png 1024w\" sizes=\"auto, (max-width: 300px) 100vw, 300px\" \/><\/p>\n<\/div>\n\n              <\/div>\n           <\/div>\n                            \n<style>\n#text-box-336567024 {\n  width: 60%;\n}\n#text-box-336567024 .text-box-content {\n  font-size: 100%;\n}\n@media (min-width:550px) {\n  #text-box-336567024 {\n    width: 50%;\n  }\n}\n<\/style>\n    <\/div>\n \n\n        <\/div>\n      <\/div>\n\n            \n<style>\n#banner-1383482774 {\n  padding-top: 400px;\n}\n#banner-1383482774 .bg.bg-loaded {\n  background-image: url(https:\/\/hem-trevligt.se\/wp-content\/uploads\/2019\/01\/hugo-dienstleistung-haushaltsreinigung-1024x424.jpg);\n}\n#banner-1383482774 .overlay {\n  background-color: rgba(0, 0, 0, 0.47);\n}\n#banner-1383482774 .ux-shape-divider--top svg {\n  height: 150px;\n  --divider-top-width: 100%;\n}\n#banner-1383482774 .ux-shape-divider--bottom svg {\n  height: 150px;\n  --divider-width: 100%;\n}\n<\/style>\n  <\/div>\n\n\n\n  <div class=\"banner has-hover\" id=\"banner-24966440\">\n          <div class=\"banner-inner fill\">\n        <div class=\"banner-bg fill\" >\n            <div class=\"bg fill bg-fill \"><\/div>\n                                    \n                    <\/div>\n\t\t\n        <div class=\"banner-layers container\">\n            <div class=\"fill banner-link\"><\/div>            \n\n   <div id=\"text-box-599517476\" class=\"text-box banner-layer x5 md-x5 lg-x5 y10 md-y10 lg-y10 res-text\">\n                                <div class=\"text-box-content text dark\">\n              \n              <div class=\"text-inner text-left\">\n                  \n\n\t<div id=\"text-1777794443\" class=\"text\">\n\t\t\n\n<h3 class=\"uppercase\">V\u00e4lkommen till hemtrevligt<br><\/h3>\n<h5 style=\"text-align: left;\">Vi erbjuder varsam transport med erfaren personal. Du v\u00e4ljer sj\u00e4lv i vilken utstr\u00e4ckning du vill ha flytthj\u00e4lp.<\/h5>\n\t\t\n<style>\n#text-1777794443 {\n  color: rgb(0,0,0);\n}\n#text-1777794443 > * {\n  color: rgb(0,0,0);\n}\n<\/style>\n\t<\/div>\n\t\n<a href=\"http:\/\/hem-trevligt.se\/index.php\/offert\/\" target=\"_self\" class=\"button primary\"  >\n    <span>Offertf\u00f6rfr\u00e5gan<\/span>\n  <\/a>\n\n\n\n              <\/div>\n           <\/div>\n                            \n<style>\n#text-box-599517476 {\n  width: 30%;\n}\n#text-box-599517476 .text-box-content {\n  font-size: 100%;\n}\n<\/style>\n    <\/div>\n \n\n        <\/div>\n      <\/div>\n\n            \n<style>\n#banner-24966440 {\n  padding-top: 400px;\n}\n#banner-24966440 .bg.bg-loaded {\n  background-image: url(https:\/\/hem-trevligt.se\/wp-content\/uploads\/2023\/04\/flytta-1024x413.jpg);\n}\n#banner-24966440 .ux-shape-divider--top svg {\n  height: 150px;\n  --divider-top-width: 100%;\n}\n#banner-24966440 .ux-shape-divider--bottom svg {\n  height: 150px;\n  --divider-width: 100%;\n}\n<\/style>\n  <\/div>\n\n\n\n     <\/div>\n\n     <div class=\"loading-spin dark large centered\"><\/div>\n\n     \t<\/div>\n\n\n\t<div id=\"gap-1087433714\" class=\"gap-element clearfix\" style=\"display:block; height:auto;\">\n\t\t\n<style>\n#gap-1087433714 {\n  padding-top: 30px;\n}\n<\/style>\n\t<\/div>\n\t\n\n<div class=\"row\"  id=\"row-1576497936\">\n\n\n\t<div id=\"col-1046045537\" class=\"col small-12 large-12\"  >\n\t\t\t\t<div class=\"col-inner\"  >\n\t\t\t\n\t\t\t\n\n<div class=\"row\"  id=\"row-965680559\">\n\n\n\t<div id=\"col-685632847\" class=\"col medium-9 small-12 large-9\"  >\n\t\t\t\t<div class=\"col-inner\"  >\n\t\t\t\n\t\t\t\n\n<p>Vi s\u00e4ljer tid. Tid du kan \u00e4gna \u00e5t dina barn, dina intressen eller bara ta en fika med goda v\u00e4nner. N\u00e4r stressen och hetsen p\u00e5 jobbet blir f\u00f6r stor kan vi l\u00e4tta dina b\u00f6rdor. Vi tar \u00f6ver en del av de sysslor som annars inte riktigt hinns med.<\/p>\n<p>Vi anv\u00e4nder milj\u00f6v\u00e4nliga produkter i v\u00e5rt arbete n\u00e4r det \u00e4r m\u00f6jligt. N\u00e4r jobbet \u00e4r klart besiktar vi tillsammans arbetet. Om du inte \u00e4r n\u00f6jd ordnar vi det innan vi \u00e5ker.<\/p>\n<p><strong>Vi l\u00e4mnar full N\u00f6jd Kund Garanti<\/strong><\/p>\n\n\t\t<\/div>\n\t\t\t\t\t<\/div>\n\n\t\n\n\t<div id=\"col-2026146215\" class=\"col medium-3 small-12 large-3 col-divided\"  >\n\t\t\t\t<div class=\"col-inner\" style=\"background-color:rgb(255,255,255);\" >\n\t\t\t\n\t\t\t\n\n<h3>Exempel p\u00e5 tj\u00e4nster:<\/h3>\n\n\t\t<div class=\"icon-box featured-box icon-box-left text-left\"  >\n\t\t\t\t\t<div class=\"icon-box-img\" style=\"width: 27px\">\n\t\t\t\t<div class=\"icon\">\n\t\t\t\t\t<div class=\"icon-inner\" >\n\t\t\t\t\t\t<img loading=\"lazy\" decoding=\"async\" width=\"111\" height=\"105\" src=\"https:\/\/hem-trevligt.se\/wp-content\/uploads\/2018\/07\/husikon.jpeg\" class=\"attachment-medium size-medium\" alt=\"\" \/>\t\t\t\t\t<\/div>\n\t\t\t\t<\/div>\n\t\t\t<\/div>\n\t\t\t\t<div class=\"icon-box-text last-reset\">\n\t\t\t\t\t\t\t\t\t\n\n<h4>St\u00e4dning<\/h4>\n\n\t\t<\/div>\n\t<\/div>\n\t\n\t\n\n\t\t<div class=\"icon-box featured-box icon-box-left text-left\"  >\n\t\t\t\t\t<div class=\"icon-box-img\" style=\"width: 27px\">\n\t\t\t\t<div class=\"icon\">\n\t\t\t\t\t<div class=\"icon-inner\" >\n\t\t\t\t\t\t<img loading=\"lazy\" decoding=\"async\" width=\"111\" height=\"105\" src=\"https:\/\/hem-trevligt.se\/wp-content\/uploads\/2018\/07\/husikon.jpeg\" class=\"attachment-medium size-medium\" alt=\"\" \/>\t\t\t\t\t<\/div>\n\t\t\t\t<\/div>\n\t\t\t<\/div>\n\t\t\t\t<div class=\"icon-box-text last-reset\">\n\t\t\t\t\t\t\t\t\t\n\n<h4>Tr\u00e4dg\u00e5rdsarbete<\/h4>\n\n\t\t<\/div>\n\t<\/div>\n\t\n\t\n\n\t\t<div class=\"icon-box featured-box icon-box-left text-left\"  >\n\t\t\t\t\t<div class=\"icon-box-img\" style=\"width: 27px\">\n\t\t\t\t<div class=\"icon\">\n\t\t\t\t\t<div class=\"icon-inner\" >\n\t\t\t\t\t\t<img loading=\"lazy\" decoding=\"async\" width=\"111\" height=\"105\" src=\"https:\/\/hem-trevligt.se\/wp-content\/uploads\/2018\/07\/husikon.jpeg\" class=\"attachment-medium size-medium\" alt=\"\" \/>\t\t\t\t\t<\/div>\n\t\t\t\t<\/div>\n\t\t\t<\/div>\n\t\t\t\t<div class=\"icon-box-text last-reset\">\n\t\t\t\t\t\t\t\t\t\n\n<h4>Sn\u00f6skottning<\/h4>\n\n\t\t<\/div>\n\t<\/div>\n\t\n\t\n\n\t\t<div class=\"icon-box featured-box icon-box-left text-left\"  >\n\t\t\t\t\t<div class=\"icon-box-img\" style=\"width: 27px\">\n\t\t\t\t<div class=\"icon\">\n\t\t\t\t\t<div class=\"icon-inner\" >\n\t\t\t\t\t\t<img loading=\"lazy\" decoding=\"async\" width=\"111\" height=\"105\" src=\"https:\/\/hem-trevligt.se\/wp-content\/uploads\/2018\/07\/husikon.jpeg\" class=\"attachment-medium size-medium\" alt=\"\" \/>\t\t\t\t\t<\/div>\n\t\t\t\t<\/div>\n\t\t\t<\/div>\n\t\t\t\t<div class=\"icon-box-text last-reset\">\n\t\t\t\t\t\t\t\t\t\n\n<h4>Matlagning<\/h4>\n\n\t\t<\/div>\n\t<\/div>\n\t\n\t\n\n\t\t<div class=\"icon-box featured-box icon-box-left text-left\"  >\n\t\t\t\t\t<div class=\"icon-box-img\" style=\"width: 27px\">\n\t\t\t\t<div class=\"icon\">\n\t\t\t\t\t<div class=\"icon-inner\" >\n\t\t\t\t\t\t<img loading=\"lazy\" decoding=\"async\" width=\"111\" height=\"105\" src=\"https:\/\/hem-trevligt.se\/wp-content\/uploads\/2018\/07\/husikon.jpeg\" class=\"attachment-medium size-medium\" alt=\"\" \/>\t\t\t\t\t<\/div>\n\t\t\t\t<\/div>\n\t\t\t<\/div>\n\t\t\t\t<div class=\"icon-box-text last-reset\">\n\t\t\t\t\t\t\t\t\t\n\n<h4>Tv\u00e4ttning<\/h4>\n\n\t\t<\/div>\n\t<\/div>\n\t\n\t\n\n\t\t<div class=\"icon-box featured-box icon-box-left text-left\"  >\n\t\t\t\t\t<div class=\"icon-box-img\" style=\"width: 27px\">\n\t\t\t\t<div class=\"icon\">\n\t\t\t\t\t<div class=\"icon-inner\" >\n\t\t\t\t\t\t<img loading=\"lazy\" decoding=\"async\" width=\"111\" height=\"105\" src=\"https:\/\/hem-trevligt.se\/wp-content\/uploads\/2018\/07\/husikon.jpeg\" class=\"attachment-medium size-medium\" alt=\"\" \/>\t\t\t\t\t<\/div>\n\t\t\t\t<\/div>\n\t\t\t<\/div>\n\t\t\t\t<div class=\"icon-box-text last-reset\">\n\t\t\t\t\t\t\t\t\t\n\n<h4>Barnpassning<\/h4>\n\n\t\t<\/div>\n\t<\/div>\n\t\n\t\n\n\t\t<\/div>\n\t\t\t\t\t<\/div>\n\n\t\n\n<\/div>\n<div class=\"row\"  id=\"row-1079674391\">\n\n\n\t<div id=\"col-1874172702\" class=\"col medium-3 small-6 large-3\"  >\n\t\t\t\t<div class=\"col-inner box-shadow-3 box-shadow-5-hover\"  >\n\t\t\t\n\t\t\t\n\n\n\t\t<div class=\"icon-box featured-box icon-box-top text-left\"  >\n\t\t\t\t<div class=\"icon-box-text last-reset\">\n\t\t\t\t\t\t\t\t\t\n\n\n  <div class=\"banner has-hover bg-blur\" id=\"banner-715409896\">\n          <div class=\"banner-inner fill\">\n        <div class=\"banner-bg fill\" >\n            <div class=\"bg fill bg-fill \"><\/div>\n                        <div class=\"overlay\"><\/div>            \n                    <\/div>\n\t\t\n        <div class=\"banner-layers container\">\n            <div class=\"fill banner-link\"><\/div>            \n\n   <div id=\"text-box-267699744\" class=\"text-box banner-layer x50 md-x50 lg-x50 y50 md-y50 lg-y50 res-text\">\n                                <div class=\"text-box-content text dark\">\n              \n              <div class=\"text-inner text-center\">\n                  \n\n<h3><strong>N\u00d6JD KUND GARANTI<\/strong><\/h3>\n\n              <\/div>\n           <\/div>\n                            \n<style>\n#text-box-267699744 {\n  width: 82%;\n}\n#text-box-267699744 .text-box-content {\n  font-size: 100%;\n}\n<\/style>\n    <\/div>\n \n\n        <\/div>\n      <\/div>\n\n            \n<style>\n#banner-715409896 {\n  padding-top: 100px;\n  background-color: rgb(40, 88, 164);\n}\n#banner-715409896 .bg.bg-loaded {\n  background-image: url(https:\/\/hem-trevligt.se\/wp-content\/uploads\/2018\/07\/slider1-1024x419.jpg);\n}\n#banner-715409896 .overlay {\n  background-color: rgba(0, 0, 0, 0.46);\n}\n#banner-715409896 .ux-shape-divider--top svg {\n  height: 150px;\n  --divider-top-width: 100%;\n}\n#banner-715409896 .ux-shape-divider--bottom svg {\n  height: 150px;\n  --divider-width: 100%;\n}\n<\/style>\n  <\/div>\n\n\n\n\t\t<\/div>\n\t<\/div>\n\t\n\t\n\n\t\t<\/div>\n\t\t\t\t\t<\/div>\n\n\t\n\n\t<div id=\"col-716459108\" class=\"col medium-3 small-6 large-3\"  >\n\t\t\t\t<div class=\"col-inner box-shadow-3 box-shadow-5-hover\"  >\n\t\t\t\n\t\t\t\n\n\n  <div class=\"banner has-hover bg-blur\" id=\"banner-911277287\">\n          <div class=\"banner-inner fill\">\n        <div class=\"banner-bg fill\" >\n            <div class=\"bg fill bg-fill \"><\/div>\n                        <div class=\"overlay\"><\/div>            \n                    <\/div>\n\t\t\n        <div class=\"banner-layers container\">\n            <div class=\"fill banner-link\"><\/div>            \n\n   <div id=\"text-box-1435713227\" class=\"text-box banner-layer x50 md-x50 lg-x50 y50 md-y50 lg-y50 res-text\">\n                                <div class=\"text-box-content text dark\">\n              \n              <div class=\"text-inner text-center\">\n                  \n\n<h3 data-line-height=\"xl\"><strong>VI SKR\u00c4DDARSYR EN L\u00d6SNING EFTER DINA BEHOV<\/strong><\/h3>\n\n              <\/div>\n           <\/div>\n                            \n<style>\n#text-box-1435713227 {\n  width: 82%;\n}\n#text-box-1435713227 .text-box-content {\n  font-size: 100%;\n}\n<\/style>\n    <\/div>\n \n\n        <\/div>\n      <\/div>\n\n            \n<style>\n#banner-911277287 {\n  padding-top: 100px;\n  background-color: rgb(40, 88, 164);\n}\n#banner-911277287 .bg.bg-loaded {\n  background-image: url(https:\/\/hem-trevligt.se\/wp-content\/uploads\/2018\/07\/home_service.jpg);\n}\n#banner-911277287 .overlay {\n  background-color: rgba(0, 0, 0, 0.39);\n}\n#banner-911277287 .ux-shape-divider--top svg {\n  height: 150px;\n  --divider-top-width: 100%;\n}\n#banner-911277287 .ux-shape-divider--bottom svg {\n  height: 150px;\n  --divider-width: 100%;\n}\n<\/style>\n  <\/div>\n\n\n\n\t\t<\/div>\n\t\t\t\t\t<\/div>\n\n\t\n\n\t<div id=\"col-1123563264\" class=\"col medium-3 small-6 large-3\"  >\n\t\t\t\t<div class=\"col-inner box-shadow-3 box-shadow-5-hover\"  >\n\t\t\t\n\t\t\t\n\n\n  <div class=\"banner has-hover bg-blur\" id=\"banner-575794339\">\n          <div class=\"banner-inner fill\">\n        <div class=\"banner-bg fill\" >\n            <div class=\"bg fill bg-fill \"><\/div>\n                        <div class=\"overlay\"><\/div>            \n                    <\/div>\n\t\t\n        <div class=\"banner-layers container\">\n            <div class=\"fill banner-link\"><\/div>            \n\n   <div id=\"text-box-2067606846\" class=\"text-box banner-layer x50 md-x50 lg-x50 y50 md-y50 lg-y50 res-text\">\n                                <div class=\"text-box-content text dark\">\n              \n              <div class=\"text-inner text-center\">\n                  \n\n<h3 data-line-height=\"xl\"><strong>AKUT HEMTJ\u00c4NST: 073-501 100 60<\/strong><\/h3>\n\n              <\/div>\n           <\/div>\n                            \n<style>\n#text-box-2067606846 {\n  width: 68%;\n}\n#text-box-2067606846 .text-box-content {\n  font-size: 100%;\n}\n<\/style>\n    <\/div>\n \n\n        <\/div>\n      <\/div>\n\n            \n<style>\n#banner-575794339 {\n  padding-top: 100px;\n  background-color: rgb(40, 88, 164);\n}\n#banner-575794339 .bg.bg-loaded {\n  background-image: url(https:\/\/hem-trevligt.se\/wp-content\/uploads\/2018\/07\/clean-floor.jpg);\n}\n#banner-575794339 .overlay {\n  background-color: rgba(0, 0, 0, 0.35);\n}\n#banner-575794339 .ux-shape-divider--top svg {\n  height: 150px;\n  --divider-top-width: 100%;\n}\n#banner-575794339 .ux-shape-divider--bottom svg {\n  height: 150px;\n  --divider-width: 100%;\n}\n<\/style>\n  <\/div>\n\n\n\n\t\t<\/div>\n\t\t\t\t\t<\/div>\n\n\t\n\n\t<div id=\"col-335852369\" class=\"col medium-3 small-6 large-3\"  >\n\t\t\t\t<div class=\"col-inner box-shadow-3 box-shadow-5-hover\"  >\n\t\t\t\n\t\t\t\n\n\n  <div class=\"banner has-hover bg-blur\" id=\"banner-340375310\">\n          <div class=\"banner-inner fill\">\n        <div class=\"banner-bg fill\" >\n            <div class=\"bg fill bg-fill \"><\/div>\n                        <div class=\"overlay\"><\/div>            \n                    <\/div>\n\t\t\n        <div class=\"banner-layers container\">\n            <div class=\"fill banner-link\"><\/div>            \n\n   <div id=\"text-box-754057796\" class=\"text-box banner-layer x50 md-x50 lg-x50 y50 md-y50 lg-y50 res-text\">\n                                <div class=\"text-box-content text dark\">\n              \n              <div class=\"text-inner text-center\">\n                  \n\n<h3 data-line-height=\"xl\"><strong>B\u00c5DE PRIVAT OCH F\u00d6RETAG<\/strong><\/h3>\n\n              <\/div>\n           <\/div>\n                            \n<style>\n#text-box-754057796 {\n  width: 68%;\n}\n#text-box-754057796 .text-box-content {\n  font-size: 100%;\n}\n<\/style>\n    <\/div>\n \n\n        <\/div>\n      <\/div>\n\n            \n<style>\n#banner-340375310 {\n  padding-top: 100px;\n  background-color: rgb(40, 88, 164);\n}\n#banner-340375310 .bg.bg-loaded {\n  background-image: url(https:\/\/hem-trevligt.se\/wp-content\/uploads\/2018\/07\/Spring-Cleaning.jpg);\n}\n#banner-340375310 .overlay {\n  background-color: rgba(0, 0, 0, 0.51);\n}\n#banner-340375310 .ux-shape-divider--top svg {\n  height: 150px;\n  --divider-top-width: 100%;\n}\n#banner-340375310 .ux-shape-divider--bottom svg {\n  height: 150px;\n  --divider-width: 100%;\n}\n<\/style>\n  <\/div>\n\n\n\n\t\t<\/div>\n\t\t\t\t\t<\/div>\n\n\t\n\n<\/div>\n\n\t\t<\/div>\n\t\t\t\t\t<\/div>\n\n\t\n\n<\/div>\n\n","protected":false},"excerpt":{"rendered":"","protected":false},"author":1,"featured_media":0,"parent":0,"menu_order":0,"comment_status":"closed","ping_status":"closed","template":"page-blank.php","meta":{"footnotes":""},"class_list":["post-4","page","type-page","status-publish","hentry"],"_links":{"self":[{"href":"https:\/\/hem-trevligt.se\/index.php\/wp-json\/wp\/v2\/pages\/4","targetHints":{"allow":["GET"]}}],"collection":[{"href":"https:\/\/hem-trevligt.se\/index.php\/wp-json\/wp\/v2\/pages"}],"about":[{"href":"https:\/\/hem-trevligt.se\/index.php\/wp-json\/wp\/v2\/types\/page"}],"author":[{"embeddable":true,"href":"https:\/\/hem-trevligt.se\/index.php\/wp-json\/wp\/v2\/users\/1"}],"replies":[{"embeddable":true,"href":"https:\/\/hem-trevligt.se\/index.php\/wp-json\/wp\/v2\/comments?post=4"}],"version-history":[{"count":144,"href":"https:\/\/hem-trevligt.se\/index.php\/wp-json\/wp\/v2\/pages\/4\/revisions"}],"predecessor-version":[{"id":475,"href":"https:\/\/hem-trevligt.se\/index.php\/wp-json\/wp\/v2\/pages\/4\/revisions\/475"}],"wp:attachment":[{"href":"https:\/\/hem-trevligt.se\/index.php\/wp-json\/wp\/v2\/media?parent=4"}],"curies":[{"name":"wp","href":"https:\/\/api.w.org\/{rel}","templated":true}]}}